{"id":7695,"date":"2020-04-09T20:57:06","date_gmt":"2020-04-09T23:57:06","guid":{"rendered":"https:\/\/www.bimsur.com\/sitio\/?page_id=7695"},"modified":"2022-08-03T10:09:51","modified_gmt":"2022-08-03T13:09:51","slug":"noticias","status":"publish","type":"page","link":"https:\/\/www.bimsur.com\/sitio\/noticias\/","title":{"rendered":"Noticias"},"content":{"rendered":"<section class=\"l-section wpb_row height_medium\"><div class=\"l-section-h i-cf\"><div class=\"g-cols vc_row type_default valign_top\"><div class=\"vc_col-sm-12 wpb_column vc_column_container\"><div class=\"vc_column-inner\"><div class=\"wpb_wrapper\"><div class=\"w-grid type_grid layout_7574 cols_3 with_pagination overflow_hidden\" id=\"us_grid_1\"><style id=\"us_grid_1_css\">#us_grid_1 .w-grid-item{padding:1.5rem}#us_grid_1 .w-grid-list{margin:-1.5rem -1.5rem 1.5rem}.w-grid + #us_grid_1 .w-grid-list{margin-top:1.5rem}@media (max-width:899px){#us_grid_1 .w-grid-item{width:50%}}@media (max-width:599px){#us_grid_1 .w-grid-list{margin:0}#us_grid_1 .w-grid-item{width:100%;padding:0;margin-bottom:1.5rem}}<\/style><style>.layout_7574 .w-grid-item-h{}@media(max-width:599px){.layout_7574 .usg_post_content_1{display:none!important}}.layout_7574 .usg_post_image_1{width:50%!important}.layout_7574 .usg_vwrapper_1{width:50%!important;margin-right:0!important}.layout_7574 .usg_hwrapper_2{margin-bottom:0!important}.layout_7574 .usg_post_title_1{color:#222222!important;background:#ffffff!important;font-size:1.8rem!important;line-height:1.2!important;margin-right:-35%!important;margin-bottom:0!important;padding-top:1rem!important;padding-right:1.2rem!important;padding-bottom:1rem!important}.layout_7574 .usg_post_content_1{font-size:0.9rem!important;line-height:1.6!important;padding-right:1.5rem!important}@media (max-width:599px){.layout_7574 .usg_post_title_1{font-size:1.2rem!important;margin-right:0!important;padding-bottom:0!important}}<\/style><div class=\"w-grid-list\"><article class=\"w-grid-item size_1x1 post-7930 post type-post status-publish format-standard has-post-thumbnail hentry category-noticias category-noticias-destacadas\" data-id=\"7930\">\r\n\t<div class=\"w-grid-item-h\">\r\n\t\t\t\t<div class=\"w-hwrapper usg_hwrapper_1 align_left valign_top \"><div class=\"w-vwrapper usg_vwrapper_1 align_left valign_top \"><div class=\"w-hwrapper usg_hwrapper_2 align_left valign_top wrap \"><div class=\"w-text usg_text_1\"><span class=\"w-text-h\"><span class=\"w-text-value\">NOTICIAS<\/span><\/span><\/div><\/div><h2 class=\"w-post-elm post_title usg_post_title_1 entry-title color_link_inherit has_text_color\"><a href=\"https:\/\/www.bimsur.com\/sitio\/cchc-concepcion-prepara-visor-territorial-integrado-y-abierto-a-la-ciudadania\/\">CChC Concepci\u00f3n prepara visor territorial integrado y abierto a la ciudadan\u00eda<\/a><\/h2><div class=\"w-post-elm post_content usg_post_content_1\">2022-06-29 La herramienta tecnol\u00f3gica permitir\u00e1 conocer datos actualizados que contribuyan a la toma de decisiones para potenciar un desarrollo sostenible del Gran Concepci\u00f3n. Se&hellip;<\/div><\/div><div class=\"w-post-elm post_image usg_post_image_1 stretched has_width\"><a href=\"https:\/\/www.bimsur.com\/sitio\/cchc-concepcion-prepara-visor-territorial-integrado-y-abierto-a-la-ciudadania\/\" aria-label=\"CChC Concepci\u00f3n prepara visor territorial integrado y abierto a la ciudadan\u00eda\"><img loading=\"lazy\" decoding=\"async\" width=\"600\" height=\"600\" src=\"https:\/\/www.bimsur.com\/sitio\/wp-content\/uploads\/2022\/06\/2022-06-29_CChC_Concepcion_prepara_visor_territorial_portada-1.jpg\" class=\"attachment-us_600_600_crop size-us_600_600_crop wp-post-image\" alt=\"\" srcset=\"https:\/\/www.bimsur.com\/sitio\/wp-content\/uploads\/2022\/06\/2022-06-29_CChC_Concepcion_prepara_visor_territorial_portada-1.jpg 600w, https:\/\/www.bimsur.com\/sitio\/wp-content\/uploads\/2022\/06\/2022-06-29_CChC_Concepcion_prepara_visor_territorial_portada-1-300x300.jpg 300w, https:\/\/www.bimsur.com\/sitio\/wp-content\/uploads\/2022\/06\/2022-06-29_CChC_Concepcion_prepara_visor_territorial_portada-1-150x150.jpg 150w\" sizes=\"auto, (max-width: 600px) 100vw, 600px\" \/><\/a><\/div><\/div>\t<\/div>\r\n<\/article>\r\n<article class=\"w-grid-item size_1x1 post-7939 post type-post status-publish format-standard has-post-thumbnail hentry category-noticias category-noticias-destacadas\" data-id=\"7939\">\r\n\t<div class=\"w-grid-item-h\">\r\n\t\t\t\t<div class=\"w-hwrapper usg_hwrapper_1 align_left valign_top \"><div class=\"w-vwrapper usg_vwrapper_1 align_left valign_top \"><div class=\"w-hwrapper usg_hwrapper_2 align_left valign_top wrap \"><div class=\"w-text usg_text_1\"><span class=\"w-text-h\"><span class=\"w-text-value\">NOTICIAS<\/span><\/span><\/div><\/div><h2 class=\"w-post-elm post_title usg_post_title_1 entry-title color_link_inherit has_text_color\"><a href=\"https:\/\/www.bimsur.com\/sitio\/los-temas-que-promueve-el-grupo-bio-bio-sostenible\/\">Los temas que promueve el Grupo \u201cBio Bio Sostenible\u201d<\/a><\/h2><div class=\"w-post-elm post_content usg_post_content_1\">2022-06-22 La instancia tiene como meta articular a los diversos actores regionales en temas de sustentabilidad como la protecci\u00f3n de humedales, la gesti\u00f3n de&hellip;<\/div><\/div><div class=\"w-post-elm post_image usg_post_image_1 stretched has_width\"><a href=\"https:\/\/www.bimsur.com\/sitio\/los-temas-que-promueve-el-grupo-bio-bio-sostenible\/\" aria-label=\"Los temas que promueve el Grupo \u201cBio Bio Sostenible\u201d\"><img loading=\"lazy\" decoding=\"async\" width=\"600\" height=\"600\" src=\"https:\/\/www.bimsur.com\/sitio\/wp-content\/uploads\/2022\/08\/2022-06-22_Biobio_sostenible-1-600x600.jpg\" class=\"attachment-us_600_600_crop size-us_600_600_crop wp-post-image\" alt=\"\" srcset=\"https:\/\/www.bimsur.com\/sitio\/wp-content\/uploads\/2022\/08\/2022-06-22_Biobio_sostenible-1-600x600.jpg 600w, https:\/\/www.bimsur.com\/sitio\/wp-content\/uploads\/2022\/08\/2022-06-22_Biobio_sostenible-1-150x150.jpg 150w\" sizes=\"auto, (max-width: 600px) 100vw, 600px\" \/><\/a><\/div><\/div>\t<\/div>\r\n<\/article>\r\n<article class=\"w-grid-item size_1x1 post-7945 post type-post status-publish format-standard has-post-thumbnail hentry category-noticias category-noticias-destacadas\" data-id=\"7945\">\r\n\t<div class=\"w-grid-item-h\">\r\n\t\t\t\t<div class=\"w-hwrapper usg_hwrapper_1 align_left valign_top \"><div class=\"w-vwrapper usg_vwrapper_1 align_left valign_top \"><div class=\"w-hwrapper usg_hwrapper_2 align_left valign_top wrap \"><div class=\"w-text usg_text_1\"><span class=\"w-text-h\"><span class=\"w-text-value\">NOTICIAS<\/span><\/span><\/div><\/div><h2 class=\"w-post-elm post_title usg_post_title_1 entry-title color_link_inherit has_text_color\"><a href=\"https:\/\/www.bimsur.com\/sitio\/juan-jose-calderon-presidente-comite-de-arquitectura-y-urbanismo-queremos-transformar-a-concepcion-en-una-ciudad-inteligente\/\">Juan Jos\u00e9 Calder\u00f3n, presidente Comit\u00e9 de Arquitectura y Urbanismo: \u201cQueremos transformar a Concepci\u00f3n en una ciudad inteligente\u201d<\/a><\/h2><div class=\"w-post-elm post_content usg_post_content_1\">2020-09-22 El profesional tendr\u00e1 una agenda con un importante foco en acciones que aporten al desarrollo de la urbe penquista como una \u201cSmart City\u201d.&hellip;<\/div><\/div><div class=\"w-post-elm post_image usg_post_image_1 stretched has_width\"><a href=\"https:\/\/www.bimsur.com\/sitio\/juan-jose-calderon-presidente-comite-de-arquitectura-y-urbanismo-queremos-transformar-a-concepcion-en-una-ciudad-inteligente\/\" aria-label=\"Juan Jos\u00e9 Calder\u00f3n, presidente Comit\u00e9 de Arquitectura y Urbanismo: \u201cQueremos transformar a Concepci\u00f3n en una ciudad inteligente\u201d\"><img loading=\"lazy\" decoding=\"async\" width=\"600\" height=\"600\" src=\"https:\/\/www.bimsur.com\/sitio\/wp-content\/uploads\/2020\/09\/2020-09-02_Juan_Jose_Calderon_1_portada.jpg\" class=\"attachment-us_600_600_crop size-us_600_600_crop wp-post-image\" alt=\"\" srcset=\"https:\/\/www.bimsur.com\/sitio\/wp-content\/uploads\/2020\/09\/2020-09-02_Juan_Jose_Calderon_1_portada.jpg 600w, https:\/\/www.bimsur.com\/sitio\/wp-content\/uploads\/2020\/09\/2020-09-02_Juan_Jose_Calderon_1_portada-300x300.jpg 300w, https:\/\/www.bimsur.com\/sitio\/wp-content\/uploads\/2020\/09\/2020-09-02_Juan_Jose_Calderon_1_portada-150x150.jpg 150w\" sizes=\"auto, (max-width: 600px) 100vw, 600px\" \/><\/a><\/div><\/div>\t<\/div>\r\n<\/article>\r\n<article class=\"w-grid-item size_1x1 post-7679 post type-post status-publish format-standard has-post-thumbnail hentry category-noticias\" data-id=\"7679\">\r\n\t<div class=\"w-grid-item-h\">\r\n\t\t\t\t<div class=\"w-hwrapper usg_hwrapper_1 align_left valign_top \"><div class=\"w-vwrapper usg_vwrapper_1 align_left valign_top \"><div class=\"w-hwrapper usg_hwrapper_2 align_left valign_top wrap \"><div class=\"w-text usg_text_1\"><span class=\"w-text-h\"><span class=\"w-text-value\">NOTICIAS<\/span><\/span><\/div><\/div><h2 class=\"w-post-elm post_title usg_post_title_1 entry-title color_link_inherit has_text_color\"><a href=\"https:\/\/www.bimsur.com\/sitio\/ciencia-sin-ficcion-2019\/\">Ciencia Sin Ficci\u00f3n 2019<\/a><\/h2><div class=\"w-post-elm post_content usg_post_content_1\">El mes de Octubre de 2019 se realiz\u00f3 en los salones de Suractivo CIENCIA SIN FICCI\u00d3N 2019, Encuentro Construcci\u00f3n &#8211; Universidades, evento de divulgaci\u00f3n&hellip;<\/div><\/div><div class=\"w-post-elm post_image usg_post_image_1 stretched has_width\"><a href=\"https:\/\/www.bimsur.com\/sitio\/ciencia-sin-ficcion-2019\/\" aria-label=\"Ciencia Sin Ficci\u00f3n 2019\"><img loading=\"lazy\" decoding=\"async\" width=\"600\" height=\"600\" src=\"https:\/\/www.bimsur.com\/sitio\/wp-content\/uploads\/2020\/04\/CIENCIA-SIN-FICCION-2-600x600.jpg\" class=\"attachment-us_600_600_crop size-us_600_600_crop wp-post-image\" alt=\"\" srcset=\"https:\/\/www.bimsur.com\/sitio\/wp-content\/uploads\/2020\/04\/CIENCIA-SIN-FICCION-2-600x600.jpg 600w, https:\/\/www.bimsur.com\/sitio\/wp-content\/uploads\/2020\/04\/CIENCIA-SIN-FICCION-2-150x150.jpg 150w\" sizes=\"auto, (max-width: 600px) 100vw, 600px\" \/><\/a><\/div><\/div>\t<\/div>\r\n<\/article>\r\n<article class=\"w-grid-item size_1x1 post-7675 post type-post status-publish format-standard has-post-thumbnail hentry category-noticias\" data-id=\"7675\">\r\n\t<div class=\"w-grid-item-h\">\r\n\t\t\t\t<div class=\"w-hwrapper usg_hwrapper_1 align_left valign_top \"><div class=\"w-vwrapper usg_vwrapper_1 align_left valign_top \"><div class=\"w-hwrapper usg_hwrapper_2 align_left valign_top wrap \"><div class=\"w-text usg_text_1\"><span class=\"w-text-h\"><span class=\"w-text-value\">NOTICIAS<\/span><\/span><\/div><\/div><h2 class=\"w-post-elm post_title usg_post_title_1 entry-title color_link_inherit has_text_color\"><a href=\"https:\/\/www.bimsur.com\/sitio\/encuentro-bioinspirados\/\">Encuentro BIOINSPIRADOS<\/a><\/h2><div class=\"w-post-elm post_content usg_post_content_1\">En la Biblioteca municipal de Concepci\u00f3n se realiz\u00f3 en Encuentro BIOINSPIRADOS: La naturaleza lo hizo primero, organizado por la Red Multi institucional del PAR&hellip;<\/div><\/div><div class=\"w-post-elm post_image usg_post_image_1 stretched has_width\"><a href=\"https:\/\/www.bimsur.com\/sitio\/encuentro-bioinspirados\/\" aria-label=\"Encuentro BIOINSPIRADOS\"><img loading=\"lazy\" decoding=\"async\" width=\"600\" height=\"600\" src=\"https:\/\/www.bimsur.com\/sitio\/wp-content\/uploads\/2020\/04\/BIO-INSPIRADOS-600x600.jpg\" class=\"attachment-us_600_600_crop size-us_600_600_crop wp-post-image\" alt=\"\" srcset=\"https:\/\/www.bimsur.com\/sitio\/wp-content\/uploads\/2020\/04\/BIO-INSPIRADOS-600x600.jpg 600w, https:\/\/www.bimsur.com\/sitio\/wp-content\/uploads\/2020\/04\/BIO-INSPIRADOS-150x150.jpg 150w\" sizes=\"auto, (max-width: 600px) 100vw, 600px\" \/><\/a><\/div><\/div>\t<\/div>\r\n<\/article>\r\n<article class=\"w-grid-item size_1x1 post-7671 post type-post status-publish format-standard has-post-thumbnail hentry category-noticias\" data-id=\"7671\">\r\n\t<div class=\"w-grid-item-h\">\r\n\t\t\t\t<div class=\"w-hwrapper usg_hwrapper_1 align_left valign_top \"><div class=\"w-vwrapper usg_vwrapper_1 align_left valign_top \"><div class=\"w-hwrapper usg_hwrapper_2 align_left valign_top wrap \"><div class=\"w-text usg_text_1\"><span class=\"w-text-h\"><span class=\"w-text-value\">NOTICIAS<\/span><\/span><\/div><\/div><h2 class=\"w-post-elm post_title usg_post_title_1 entry-title color_link_inherit has_text_color\"><a href=\"https:\/\/www.bimsur.com\/sitio\/ecu-2019-puerto-montt\/\">ECU 2019 Puerto Montt<\/a><\/h2><div class=\"w-post-elm post_content usg_post_content_1\">El mes de Junio de 2019 se realiz\u00f3 en el Anfiteatro del Campus Puerto Montt de la Universidad San Sebasti\u00e1n el ECU 2019, Encuentro&hellip;<\/div><\/div><div class=\"w-post-elm post_image usg_post_image_1 stretched has_width\"><a href=\"https:\/\/www.bimsur.com\/sitio\/ecu-2019-puerto-montt\/\" aria-label=\"ECU 2019 Puerto Montt\"><img loading=\"lazy\" decoding=\"async\" width=\"600\" height=\"600\" src=\"https:\/\/www.bimsur.com\/sitio\/wp-content\/uploads\/2020\/04\/ECU-2019_01-600x600.jpg\" class=\"attachment-us_600_600_crop size-us_600_600_crop wp-post-image\" alt=\"\" srcset=\"https:\/\/www.bimsur.com\/sitio\/wp-content\/uploads\/2020\/04\/ECU-2019_01-600x600.jpg 600w, https:\/\/www.bimsur.com\/sitio\/wp-content\/uploads\/2020\/04\/ECU-2019_01-150x150.jpg 150w\" sizes=\"auto, (max-width: 600px) 100vw, 600px\" \/><\/a><\/div><\/div>\t<\/div>\r\n<\/article>\r\n<\/div>\n\t<nav class=\"navigation pagination\" aria-label=\"Paginaci\u00f3n de entradas\">\n\t\t<h2 class=\"screen-reader-text\">Paginaci\u00f3n de entradas<\/h2>\n\t\t<div class=\"nav-links\"><span aria-current=\"page\" class=\"page-numbers current\"><span>1<\/span><\/span>\n<a class=\"page-numbers\" href=\"https:\/\/www.bimsur.com\/sitio\/wp-json\/wp\/v2\/pages\/7695\/page\/2\/\"><span>2<\/span><\/a>\n<a class=\"next page-numbers\" href=\"https:\/\/www.bimsur.com\/sitio\/wp-json\/wp\/v2\/pages\/7695\/page\/2\/\">Siguiente<\/a><\/div>\n\t<\/nav>\t<div class=\"w-grid-json hidden\" onclick='return {&quot;ajax_url&quot;:&quot;https:\\\/\\\/www.bimsur.com\\\/sitio\\\/wp-admin\\\/admin-ajax.php&quot;,&quot;permalink_url&quot;:&quot;https:\\\/\\\/www.bimsur.com\\\/sitio\\\/ecu-2019-puerto-montt\\\/&quot;,&quot;action&quot;:&quot;us_ajax_grid&quot;,&quot;max_num_pages&quot;:2,&quot;infinite_scroll&quot;:0,&quot;template_vars&quot;:{&quot;query_args&quot;:{&quot;post_type&quot;:[&quot;post&quot;],&quot;tax_query&quot;:[{&quot;taxonomy&quot;:&quot;category&quot;,&quot;field&quot;:&quot;slug&quot;,&quot;terms&quot;:[&quot;noticias&quot;]}],&quot;post_status&quot;:[&quot;publish&quot;,&quot;acf-disabled&quot;],&quot;orderby&quot;:{&quot;date&quot;:&quot;DESC&quot;},&quot;posts_per_page&quot;:&quot;6&quot;},&quot;post_id&quot;:7695,&quot;us_grid_index&quot;:1,&quot;us_grid_ajax_index&quot;:1,&quot;exclude_items&quot;:&quot;none&quot;,&quot;items_offset&quot;:&quot;1&quot;,&quot;items_layout&quot;:&quot;7574&quot;,&quot;type&quot;:&quot;grid&quot;,&quot;columns&quot;:&quot;3&quot;,&quot;img_size&quot;:&quot;default&quot;,&quot;overriding_link&quot;:&quot;none&quot;}}'><\/div>\r\n<\/div><\/div><\/div><\/div><\/div><\/div><\/section>\n","protected":false},"excerpt":{"rendered":"El mes de Junio de 2019 se realiz\u00f3 en el Anfiteatro del Campus Puerto Montt de la Universidad San Sebasti\u00e1n el ECU 2019, Encuentro Construcci\u00f3n-Universidades, organizado por la CDT de la CChC. BIMSUR expuso el tema Del dise\u00f1o param\u00e9trico al BIM ante una audiencia de 400 estudiantes de la industria de la construcci\u00f3n.","protected":false},"author":1,"featured_media":0,"parent":0,"menu_order":0,"comment_status":"closed","ping_status":"closed","template":"","meta":{"_acf_changed":false,"footnotes":""},"class_list":["post-7695","page","type-page","status-publish","hentry"],"acf":[],"yoast_head":"<!-- This site is optimized with the Yoast SEO plugin v27.4 - https:\/\/yoast.com\/product\/yoast-seo-wordpress\/ -->\n<title>Noticias - BIMSUR<\/title>\n<meta name=\"robots\" content=\"index, follow, max-snippet:-1, max-image-preview:large, max-video-preview:-1\" \/>\n<link rel=\"canonical\" href=\"https:\/\/www.bimsur.com\/sitio\/noticias\/\" \/>\n<meta property=\"og:locale\" content=\"es_ES\" \/>\n<meta property=\"og:type\" content=\"article\" \/>\n<meta property=\"og:title\" content=\"Noticias - BIMSUR\" \/>\n<meta property=\"og:url\" content=\"https:\/\/www.bimsur.com\/sitio\/noticias\/\" \/>\n<meta property=\"og:site_name\" content=\"BIMSUR\" \/>\n<meta property=\"article:publisher\" content=\"https:\/\/www.facebook.com\/bimsurarquitectos\" \/>\n<meta property=\"article:modified_time\" content=\"2022-08-03T13:09:51+00:00\" \/>\n<meta name=\"twitter:card\" content=\"summary_large_image\" \/>\n<meta name=\"twitter:label1\" content=\"Tiempo estimado de lectura\" \/>\n\t<meta name=\"twitter:data1\" content=\"1 minuto\" \/>\n<script type=\"application\/ld+json\" class=\"yoast-schema-graph\">{\"@context\":\"https:\\\/\\\/schema.org\",\"@graph\":[{\"@type\":\"WebPage\",\"@id\":\"https:\\\/\\\/www.bimsur.com\\\/sitio\\\/noticias\\\/\",\"url\":\"https:\\\/\\\/www.bimsur.com\\\/sitio\\\/noticias\\\/\",\"name\":\"Noticias - BIMSUR\",\"isPartOf\":{\"@id\":\"https:\\\/\\\/www.bimsur.com\\\/sitio\\\/#website\"},\"datePublished\":\"2020-04-09T23:57:06+00:00\",\"dateModified\":\"2022-08-03T13:09:51+00:00\",\"breadcrumb\":{\"@id\":\"https:\\\/\\\/www.bimsur.com\\\/sitio\\\/noticias\\\/#breadcrumb\"},\"inLanguage\":\"es-CL\",\"potentialAction\":[{\"@type\":\"ReadAction\",\"target\":[\"https:\\\/\\\/www.bimsur.com\\\/sitio\\\/noticias\\\/\"]}]},{\"@type\":\"BreadcrumbList\",\"@id\":\"https:\\\/\\\/www.bimsur.com\\\/sitio\\\/noticias\\\/#breadcrumb\",\"itemListElement\":[{\"@type\":\"ListItem\",\"position\":1,\"name\":\"Portada\",\"item\":\"https:\\\/\\\/www.bimsur.com\\\/sitio\\\/\"},{\"@type\":\"ListItem\",\"position\":2,\"name\":\"Noticias\"}]},{\"@type\":\"WebSite\",\"@id\":\"https:\\\/\\\/www.bimsur.com\\\/sitio\\\/#website\",\"url\":\"https:\\\/\\\/www.bimsur.com\\\/sitio\\\/\",\"name\":\"BIMSUR\",\"description\":\"BIMSUR Arquitectos\",\"publisher\":{\"@id\":\"https:\\\/\\\/www.bimsur.com\\\/sitio\\\/#organization\"},\"potentialAction\":[{\"@type\":\"SearchAction\",\"target\":{\"@type\":\"EntryPoint\",\"urlTemplate\":\"https:\\\/\\\/www.bimsur.com\\\/sitio\\\/?s={search_term_string}\"},\"query-input\":{\"@type\":\"PropertyValueSpecification\",\"valueRequired\":true,\"valueName\":\"search_term_string\"}}],\"inLanguage\":\"es-CL\"},{\"@type\":\"Organization\",\"@id\":\"https:\\\/\\\/www.bimsur.com\\\/sitio\\\/#organization\",\"name\":\"BIMSUR Arquitectos\",\"url\":\"https:\\\/\\\/www.bimsur.com\\\/sitio\\\/\",\"logo\":{\"@type\":\"ImageObject\",\"inLanguage\":\"es-CL\",\"@id\":\"https:\\\/\\\/www.bimsur.com\\\/sitio\\\/#\\\/schema\\\/logo\\\/image\\\/\",\"url\":\"https:\\\/\\\/www.bimsur.com\\\/sitio\\\/wp-content\\\/uploads\\\/2022\\\/07\\\/Logo_BIMSUR.png\",\"contentUrl\":\"https:\\\/\\\/www.bimsur.com\\\/sitio\\\/wp-content\\\/uploads\\\/2022\\\/07\\\/Logo_BIMSUR.png\",\"width\":2362,\"height\":2362,\"caption\":\"BIMSUR Arquitectos\"},\"image\":{\"@id\":\"https:\\\/\\\/www.bimsur.com\\\/sitio\\\/#\\\/schema\\\/logo\\\/image\\\/\"},\"sameAs\":[\"https:\\\/\\\/www.facebook.com\\\/bimsurarquitectos\",\"https:\\\/\\\/www.instagram.com\\\/bimsurarquitectos\\\/\"]}]}<\/script>\n<!-- \/ Yoast SEO plugin. -->","yoast_head_json":{"title":"Noticias - BIMSUR","robots":{"index":"index","follow":"follow","max-snippet":"max-snippet:-1","max-image-preview":"max-image-preview:large","max-video-preview":"max-video-preview:-1"},"canonical":"https:\/\/www.bimsur.com\/sitio\/noticias\/","og_locale":"es_ES","og_type":"article","og_title":"Noticias - BIMSUR","og_url":"https:\/\/www.bimsur.com\/sitio\/noticias\/","og_site_name":"BIMSUR","article_publisher":"https:\/\/www.facebook.com\/bimsurarquitectos","article_modified_time":"2022-08-03T13:09:51+00:00","twitter_card":"summary_large_image","twitter_misc":{"Tiempo estimado de lectura":"1 minuto"},"schema":{"@context":"https:\/\/schema.org","@graph":[{"@type":"WebPage","@id":"https:\/\/www.bimsur.com\/sitio\/noticias\/","url":"https:\/\/www.bimsur.com\/sitio\/noticias\/","name":"Noticias - BIMSUR","isPartOf":{"@id":"https:\/\/www.bimsur.com\/sitio\/#website"},"datePublished":"2020-04-09T23:57:06+00:00","dateModified":"2022-08-03T13:09:51+00:00","breadcrumb":{"@id":"https:\/\/www.bimsur.com\/sitio\/noticias\/#breadcrumb"},"inLanguage":"es-CL","potentialAction":[{"@type":"ReadAction","target":["https:\/\/www.bimsur.com\/sitio\/noticias\/"]}]},{"@type":"BreadcrumbList","@id":"https:\/\/www.bimsur.com\/sitio\/noticias\/#breadcrumb","itemListElement":[{"@type":"ListItem","position":1,"name":"Portada","item":"https:\/\/www.bimsur.com\/sitio\/"},{"@type":"ListItem","position":2,"name":"Noticias"}]},{"@type":"WebSite","@id":"https:\/\/www.bimsur.com\/sitio\/#website","url":"https:\/\/www.bimsur.com\/sitio\/","name":"BIMSUR","description":"BIMSUR Arquitectos","publisher":{"@id":"https:\/\/www.bimsur.com\/sitio\/#organization"},"potentialAction":[{"@type":"SearchAction","target":{"@type":"EntryPoint","urlTemplate":"https:\/\/www.bimsur.com\/sitio\/?s={search_term_string}"},"query-input":{"@type":"PropertyValueSpecification","valueRequired":true,"valueName":"search_term_string"}}],"inLanguage":"es-CL"},{"@type":"Organization","@id":"https:\/\/www.bimsur.com\/sitio\/#organization","name":"BIMSUR Arquitectos","url":"https:\/\/www.bimsur.com\/sitio\/","logo":{"@type":"ImageObject","inLanguage":"es-CL","@id":"https:\/\/www.bimsur.com\/sitio\/#\/schema\/logo\/image\/","url":"https:\/\/www.bimsur.com\/sitio\/wp-content\/uploads\/2022\/07\/Logo_BIMSUR.png","contentUrl":"https:\/\/www.bimsur.com\/sitio\/wp-content\/uploads\/2022\/07\/Logo_BIMSUR.png","width":2362,"height":2362,"caption":"BIMSUR Arquitectos"},"image":{"@id":"https:\/\/www.bimsur.com\/sitio\/#\/schema\/logo\/image\/"},"sameAs":["https:\/\/www.facebook.com\/bimsurarquitectos","https:\/\/www.instagram.com\/bimsurarquitectos\/"]}]}},"_links":{"self":[{"href":"https:\/\/www.bimsur.com\/sitio\/wp-json\/wp\/v2\/pages\/7695","targetHints":{"allow":["GET"]}}],"collection":[{"href":"https:\/\/www.bimsur.com\/sitio\/wp-json\/wp\/v2\/pages"}],"about":[{"href":"https:\/\/www.bimsur.com\/sitio\/wp-json\/wp\/v2\/types\/page"}],"author":[{"embeddable":true,"href":"https:\/\/www.bimsur.com\/sitio\/wp-json\/wp\/v2\/users\/1"}],"replies":[{"embeddable":true,"href":"https:\/\/www.bimsur.com\/sitio\/wp-json\/wp\/v2\/comments?post=7695"}],"version-history":[{"count":3,"href":"https:\/\/www.bimsur.com\/sitio\/wp-json\/wp\/v2\/pages\/7695\/revisions"}],"predecessor-version":[{"id":7960,"href":"https:\/\/www.bimsur.com\/sitio\/wp-json\/wp\/v2\/pages\/7695\/revisions\/7960"}],"wp:attachment":[{"href":"https:\/\/www.bimsur.com\/sitio\/wp-json\/wp\/v2\/media?parent=7695"}],"curies":[{"name":"wp","href":"https:\/\/api.w.org\/{rel}","templated":true}]}}