{"id":7997,"date":"2023-06-28T11:23:16","date_gmt":"2023-06-28T14:23:16","guid":{"rendered":"https:\/\/www.bimsur.com\/sitio\/?page_id=7997"},"modified":"2023-06-30T10:35:42","modified_gmt":"2023-06-30T13:35:42","slug":"servicios","status":"publish","type":"page","link":"https:\/\/www.bimsur.com\/sitio\/pages\/servicios\/","title":{"rendered":"SERVICIOS"},"content":{"rendered":"<section class=\"l-section wpb_row height_auto\"><div class=\"l-section-h i-cf\"><div class=\"g-cols vc_row type_default valign_top\"><div class=\"vc_col-sm-12 wpb_column vc_column_container\"><div class=\"vc_column-inner\"><div class=\"wpb_wrapper\"><div class=\"w-separator size_huge\"><\/div><div class=\"g-cols wpb_row  type_default valign_top vc_inner\"><div class=\"vc_col-sm-6 wpb_column vc_column_container\"><div class=\"vc_column-inner\"><div class=\"wpb_wrapper\"><div class=\"w-image align_center\"><div class=\"w-image-h\"><img loading=\"lazy\" decoding=\"async\" width=\"72\" height=\"72\" src=\"https:\/\/www.bimsur.com\/sitio\/wp-content\/uploads\/2023\/06\/iconmonstr-building-33-72.png\" class=\"attachment-full size-full\" alt=\"\" \/><\/div><\/div><\/div><\/div><\/div><div class=\"vc_col-sm-6 wpb_column vc_column_container\"><div class=\"vc_column-inner\"><div class=\"wpb_wrapper\">[vc_wp_text]\n<h4>Arquitectura<\/h4>\n<p style=\"text-align: justify;\">Dise\u00f1o de proyectos de edificaci\u00f3n y espacio p\u00fablico con metodolog\u00eda BIM.<\/p>\n[\/vc_wp_text]<\/div><\/div><\/div><\/div><div class=\"w-separator size_medium\"><\/div><div class=\"g-cols wpb_row  type_default valign_top vc_inner\"><div class=\"vc_col-sm-6 wpb_column vc_column_container\"><div class=\"vc_column-inner\"><div class=\"wpb_wrapper\"><div class=\"w-image align_center\"><div class=\"w-image-h\"><img loading=\"lazy\" decoding=\"async\" width=\"70\" height=\"70\" src=\"https:\/\/www.bimsur.com\/sitio\/wp-content\/uploads\/2023\/06\/BIM.png\" class=\"attachment-full size-full\" alt=\"\" \/><\/div><\/div><\/div><\/div><\/div><div class=\"vc_col-sm-6 wpb_column vc_column_container\"><div class=\"vc_column-inner\"><div class=\"wpb_wrapper\">[vc_wp_text]\n<h4>Implementaci\u00f3n BIM<\/h4>\n<p style=\"text-align: justify;\">Implementaci\u00f3n BIM Nivel 3 para organizaciones, inmobiliarias, oficinas de proyectos de arquitectura y especialidades.<\/p>\n[\/vc_wp_text]<\/div><\/div><\/div><\/div><div class=\"w-separator size_medium\"><\/div><div class=\"g-cols wpb_row  type_default valign_top vc_inner\"><div class=\"vc_col-sm-6 wpb_column vc_column_container\"><div class=\"vc_column-inner\"><div class=\"wpb_wrapper\"><div class=\"w-image align_center\"><div class=\"w-image-h\"><img loading=\"lazy\" decoding=\"async\" width=\"72\" height=\"72\" src=\"https:\/\/www.bimsur.com\/sitio\/wp-content\/uploads\/2023\/06\/iconmonstr-magnifier-10-72.png\" class=\"attachment-full size-full\" alt=\"\" \/><\/div><\/div><\/div><\/div><\/div><div class=\"vc_col-sm-6 wpb_column vc_column_container\"><div class=\"vc_column-inner\"><div class=\"wpb_wrapper\">[vc_wp_text]\n<h4>Coordinaci\u00f3n BIM<\/h4>\n<p style=\"text-align: justify;\">Revisi\u00f3n y coordinaci\u00f3n de proyectos de edificaci\u00f3n con metodolog\u00eda BIM Nivel 3, desde la Solicitud de Informaci\u00f3n BIM hasta el modelo de Coordinaci\u00f3n APC.<\/p>\n[\/vc_wp_text]<\/div><\/div><\/div><\/div><div class=\"w-separator size_medium\"><\/div><div class=\"g-cols wpb_row  type_default valign_top vc_inner\"><div class=\"vc_col-sm-6 wpb_column vc_column_container\"><div class=\"vc_column-inner\"><div class=\"wpb_wrapper\"><div class=\"w-image align_center\"><div class=\"w-image-h\"><img loading=\"lazy\" decoding=\"async\" width=\"70\" height=\"70\" src=\"https:\/\/www.bimsur.com\/sitio\/wp-content\/uploads\/2023\/06\/city.png\" class=\"attachment-full size-full\" alt=\"\" \/><\/div><\/div><\/div><\/div><\/div><div class=\"vc_col-sm-6 wpb_column vc_column_container\"><div class=\"vc_column-inner\"><div class=\"wpb_wrapper\">[vc_wp_text]\n<h4>Ciudades Digitales<\/h4>\n<p style=\"text-align: justify;\">Desarrollo y publicaci\u00f3n de r\u00e9plicas virtuales de ciudades a partir de informaci\u00f3n p\u00fablica y privada, mediante aplicaciones 3D y 2D.<\/p>\n[\/vc_wp_text]<\/div><\/div><\/div><\/div><div class=\"w-separator size_medium\"><\/div><div class=\"g-cols wpb_row  type_default valign_top vc_inner\"><div class=\"vc_col-sm-6 wpb_column vc_column_container\"><div class=\"vc_column-inner\"><div class=\"wpb_wrapper\"><div class=\"w-image align_center\"><div class=\"w-image-h\"><img loading=\"lazy\" decoding=\"async\" width=\"70\" height=\"70\" src=\"https:\/\/www.bimsur.com\/sitio\/wp-content\/uploads\/2023\/06\/earth_planning-1.png\" class=\"attachment-full size-full\" alt=\"\" \/><\/div><\/div><\/div><\/div><\/div><div class=\"vc_col-sm-6 wpb_column vc_column_container\"><div class=\"vc_column-inner\"><div class=\"wpb_wrapper\">[vc_wp_text]\n<h4>Planificaci\u00f3n Territorial<\/h4>\n<p style=\"text-align: justify;\">Apoyo al desarrollo de Instrumentos de Planificaci\u00f3n Territorial mediante Gemelos Digitales.<\/p>\n[\/vc_wp_text]<\/div><\/div><\/div><\/div><div class=\"w-separator size_medium\"><\/div><div class=\"g-cols wpb_row  type_default valign_top vc_inner\"><div class=\"vc_col-sm-6 wpb_column vc_column_container\"><div class=\"vc_column-inner\"><div class=\"wpb_wrapper\"><div class=\"w-image align_center\"><div class=\"w-image-h\"><img loading=\"lazy\" decoding=\"async\" width=\"70\" height=\"70\" src=\"https:\/\/www.bimsur.com\/sitio\/wp-content\/uploads\/2023\/06\/layers.png\" class=\"attachment-full size-full\" alt=\"\" \/><\/div><\/div><\/div><\/div><\/div><div class=\"vc_col-sm-6 wpb_column vc_column_container\"><div class=\"vc_column-inner\"><div class=\"wpb_wrapper\">[vc_wp_text]\n<h4>Sistemas de Informaci\u00f3n Geogr\u00e1ficos<\/h4>\n<p style=\"text-align: justify;\">Publicaci\u00f3n de informaci\u00f3n georeferenciada en la Web. Modelamiento y An\u00e1lisis de informaci\u00f3n espacial. GeoEstad\u00edstica. Gesti\u00f3n de Bases de Datos Espaciales ( 3D ). Asesor\u00eda en implementaci\u00f3n de proyectos S.I.G.<\/p>\n[\/vc_wp_text]<\/div><\/div><\/div><\/div><div class=\"w-separator size_medium\"><\/div><\/div><\/div><\/div><\/div><\/div><\/section><section class=\"l-section wpb_row height_medium\"><div class=\"l-section-h i-cf\"><div class=\"g-cols vc_row type_default valign_top\"><div class=\"vc_col-sm-12 wpb_column vc_column_container\"><div class=\"vc_column-inner\"><div class=\"wpb_wrapper\"><div class=\"w-image align_center\"><div class=\"w-image-h\"><img loading=\"lazy\" decoding=\"async\" width=\"1302\" height=\"758\" src=\"https:\/\/www.bimsur.com\/sitio\/wp-content\/uploads\/2023\/06\/GemeloDigitalChile.png\" class=\"attachment-full size-full\" alt=\"\" srcset=\"https:\/\/www.bimsur.com\/sitio\/wp-content\/uploads\/2023\/06\/GemeloDigitalChile.png 1302w, https:\/\/www.bimsur.com\/sitio\/wp-content\/uploads\/2023\/06\/GemeloDigitalChile-300x175.png 300w, https:\/\/www.bimsur.com\/sitio\/wp-content\/uploads\/2023\/06\/GemeloDigitalChile-1024x596.png 1024w\" sizes=\"auto, (max-width: 1302px) 100vw, 1302px\" \/><\/div><\/div><div class=\"w-separator size_large\"><\/div><\/div><\/div><\/div><\/div><\/div><\/section>\n","protected":false},"excerpt":{"rendered":"[vc_wp_text] Arquitectura Dise\u00f1o de proyectos de edificaci\u00f3n y espacio p\u00fablico con metodolog\u00eda BIM. [\/vc_wp_text][vc_wp_text] Implementaci\u00f3n BIM Implementaci\u00f3n BIM Nivel 3 para organizaciones, inmobiliarias, oficinas de proyectos de arquitectura y especialidades. [\/vc_wp_text][vc_wp_text] Coordinaci\u00f3n BIM Revisi\u00f3n y coordinaci\u00f3n de proyectos de edificaci\u00f3n con metodolog\u00eda BIM Nivel 3, desde la Solicitud de Informaci\u00f3n BIM hasta el modelo de...","protected":false},"author":2,"featured_media":0,"parent":1106,"menu_order":0,"comment_status":"closed","ping_status":"closed","template":"","meta":{"_acf_changed":false,"footnotes":""},"class_list":["post-7997","page","type-page","status-publish","hentry"],"acf":[],"yoast_head":"<!-- This site is optimized with the Yoast SEO plugin v27.4 - https:\/\/yoast.com\/product\/yoast-seo-wordpress\/ -->\n<title>SERVICIOS - BIMSUR<\/title>\n<meta name=\"robots\" content=\"index, follow, max-snippet:-1, max-image-preview:large, max-video-preview:-1\" \/>\n<link rel=\"canonical\" href=\"https:\/\/www.bimsur.com\/sitio\/pages\/servicios\/\" \/>\n<meta property=\"og:locale\" content=\"es_ES\" \/>\n<meta property=\"og:type\" content=\"article\" \/>\n<meta property=\"og:title\" content=\"SERVICIOS - BIMSUR\" \/>\n<meta property=\"og:url\" content=\"https:\/\/www.bimsur.com\/sitio\/pages\/servicios\/\" \/>\n<meta property=\"og:site_name\" content=\"BIMSUR\" \/>\n<meta property=\"article:publisher\" content=\"https:\/\/www.facebook.com\/bimsurarquitectos\" \/>\n<meta property=\"article:modified_time\" content=\"2023-06-30T13:35:42+00:00\" \/>\n<meta name=\"twitter:card\" content=\"summary_large_image\" \/>\n<meta name=\"twitter:label1\" content=\"Tiempo estimado de lectura\" \/>\n\t<meta name=\"twitter:data1\" content=\"1 minuto\" \/>\n<script type=\"application\/ld+json\" class=\"yoast-schema-graph\">{\"@context\":\"https:\\\/\\\/schema.org\",\"@graph\":[{\"@type\":\"WebPage\",\"@id\":\"https:\\\/\\\/www.bimsur.com\\\/sitio\\\/pages\\\/servicios\\\/\",\"url\":\"https:\\\/\\\/www.bimsur.com\\\/sitio\\\/pages\\\/servicios\\\/\",\"name\":\"SERVICIOS - BIMSUR\",\"isPartOf\":{\"@id\":\"https:\\\/\\\/www.bimsur.com\\\/sitio\\\/#website\"},\"datePublished\":\"2023-06-28T14:23:16+00:00\",\"dateModified\":\"2023-06-30T13:35:42+00:00\",\"breadcrumb\":{\"@id\":\"https:\\\/\\\/www.bimsur.com\\\/sitio\\\/pages\\\/servicios\\\/#breadcrumb\"},\"inLanguage\":\"es-CL\",\"potentialAction\":[{\"@type\":\"ReadAction\",\"target\":[\"https:\\\/\\\/www.bimsur.com\\\/sitio\\\/pages\\\/servicios\\\/\"]}]},{\"@type\":\"BreadcrumbList\",\"@id\":\"https:\\\/\\\/www.bimsur.com\\\/sitio\\\/pages\\\/servicios\\\/#breadcrumb\",\"itemListElement\":[{\"@type\":\"ListItem\",\"position\":1,\"name\":\"Portada\",\"item\":\"https:\\\/\\\/www.bimsur.com\\\/sitio\\\/\"},{\"@type\":\"ListItem\",\"position\":2,\"name\":\"Pages\",\"item\":\"https:\\\/\\\/www.bimsur.com\\\/sitio\\\/pages\\\/\"},{\"@type\":\"ListItem\",\"position\":3,\"name\":\"SERVICIOS\"}]},{\"@type\":\"WebSite\",\"@id\":\"https:\\\/\\\/www.bimsur.com\\\/sitio\\\/#website\",\"url\":\"https:\\\/\\\/www.bimsur.com\\\/sitio\\\/\",\"name\":\"BIMSUR\",\"description\":\"BIMSUR Arquitectos\",\"publisher\":{\"@id\":\"https:\\\/\\\/www.bimsur.com\\\/sitio\\\/#organization\"},\"potentialAction\":[{\"@type\":\"SearchAction\",\"target\":{\"@type\":\"EntryPoint\",\"urlTemplate\":\"https:\\\/\\\/www.bimsur.com\\\/sitio\\\/?s={search_term_string}\"},\"query-input\":{\"@type\":\"PropertyValueSpecification\",\"valueRequired\":true,\"valueName\":\"search_term_string\"}}],\"inLanguage\":\"es-CL\"},{\"@type\":\"Organization\",\"@id\":\"https:\\\/\\\/www.bimsur.com\\\/sitio\\\/#organization\",\"name\":\"BIMSUR Arquitectos\",\"url\":\"https:\\\/\\\/www.bimsur.com\\\/sitio\\\/\",\"logo\":{\"@type\":\"ImageObject\",\"inLanguage\":\"es-CL\",\"@id\":\"https:\\\/\\\/www.bimsur.com\\\/sitio\\\/#\\\/schema\\\/logo\\\/image\\\/\",\"url\":\"https:\\\/\\\/www.bimsur.com\\\/sitio\\\/wp-content\\\/uploads\\\/2022\\\/07\\\/Logo_BIMSUR.png\",\"contentUrl\":\"https:\\\/\\\/www.bimsur.com\\\/sitio\\\/wp-content\\\/uploads\\\/2022\\\/07\\\/Logo_BIMSUR.png\",\"width\":2362,\"height\":2362,\"caption\":\"BIMSUR Arquitectos\"},\"image\":{\"@id\":\"https:\\\/\\\/www.bimsur.com\\\/sitio\\\/#\\\/schema\\\/logo\\\/image\\\/\"},\"sameAs\":[\"https:\\\/\\\/www.facebook.com\\\/bimsurarquitectos\",\"https:\\\/\\\/www.instagram.com\\\/bimsurarquitectos\\\/\"]}]}<\/script>\n<!-- \/ Yoast SEO plugin. -->","yoast_head_json":{"title":"SERVICIOS - BIMSUR","robots":{"index":"index","follow":"follow","max-snippet":"max-snippet:-1","max-image-preview":"max-image-preview:large","max-video-preview":"max-video-preview:-1"},"canonical":"https:\/\/www.bimsur.com\/sitio\/pages\/servicios\/","og_locale":"es_ES","og_type":"article","og_title":"SERVICIOS - BIMSUR","og_url":"https:\/\/www.bimsur.com\/sitio\/pages\/servicios\/","og_site_name":"BIMSUR","article_publisher":"https:\/\/www.facebook.com\/bimsurarquitectos","article_modified_time":"2023-06-30T13:35:42+00:00","twitter_card":"summary_large_image","twitter_misc":{"Tiempo estimado de lectura":"1 minuto"},"schema":{"@context":"https:\/\/schema.org","@graph":[{"@type":"WebPage","@id":"https:\/\/www.bimsur.com\/sitio\/pages\/servicios\/","url":"https:\/\/www.bimsur.com\/sitio\/pages\/servicios\/","name":"SERVICIOS - BIMSUR","isPartOf":{"@id":"https:\/\/www.bimsur.com\/sitio\/#website"},"datePublished":"2023-06-28T14:23:16+00:00","dateModified":"2023-06-30T13:35:42+00:00","breadcrumb":{"@id":"https:\/\/www.bimsur.com\/sitio\/pages\/servicios\/#breadcrumb"},"inLanguage":"es-CL","potentialAction":[{"@type":"ReadAction","target":["https:\/\/www.bimsur.com\/sitio\/pages\/servicios\/"]}]},{"@type":"BreadcrumbList","@id":"https:\/\/www.bimsur.com\/sitio\/pages\/servicios\/#breadcrumb","itemListElement":[{"@type":"ListItem","position":1,"name":"Portada","item":"https:\/\/www.bimsur.com\/sitio\/"},{"@type":"ListItem","position":2,"name":"Pages","item":"https:\/\/www.bimsur.com\/sitio\/pages\/"},{"@type":"ListItem","position":3,"name":"SERVICIOS"}]},{"@type":"WebSite","@id":"https:\/\/www.bimsur.com\/sitio\/#website","url":"https:\/\/www.bimsur.com\/sitio\/","name":"BIMSUR","description":"BIMSUR Arquitectos","publisher":{"@id":"https:\/\/www.bimsur.com\/sitio\/#organization"},"potentialAction":[{"@type":"SearchAction","target":{"@type":"EntryPoint","urlTemplate":"https:\/\/www.bimsur.com\/sitio\/?s={search_term_string}"},"query-input":{"@type":"PropertyValueSpecification","valueRequired":true,"valueName":"search_term_string"}}],"inLanguage":"es-CL"},{"@type":"Organization","@id":"https:\/\/www.bimsur.com\/sitio\/#organization","name":"BIMSUR Arquitectos","url":"https:\/\/www.bimsur.com\/sitio\/","logo":{"@type":"ImageObject","inLanguage":"es-CL","@id":"https:\/\/www.bimsur.com\/sitio\/#\/schema\/logo\/image\/","url":"https:\/\/www.bimsur.com\/sitio\/wp-content\/uploads\/2022\/07\/Logo_BIMSUR.png","contentUrl":"https:\/\/www.bimsur.com\/sitio\/wp-content\/uploads\/2022\/07\/Logo_BIMSUR.png","width":2362,"height":2362,"caption":"BIMSUR Arquitectos"},"image":{"@id":"https:\/\/www.bimsur.com\/sitio\/#\/schema\/logo\/image\/"},"sameAs":["https:\/\/www.facebook.com\/bimsurarquitectos","https:\/\/www.instagram.com\/bimsurarquitectos\/"]}]}},"_links":{"self":[{"href":"https:\/\/www.bimsur.com\/sitio\/wp-json\/wp\/v2\/pages\/7997","targetHints":{"allow":["GET"]}}],"collection":[{"href":"https:\/\/www.bimsur.com\/sitio\/wp-json\/wp\/v2\/pages"}],"about":[{"href":"https:\/\/www.bimsur.com\/sitio\/wp-json\/wp\/v2\/types\/page"}],"author":[{"embeddable":true,"href":"https:\/\/www.bimsur.com\/sitio\/wp-json\/wp\/v2\/users\/2"}],"replies":[{"embeddable":true,"href":"https:\/\/www.bimsur.com\/sitio\/wp-json\/wp\/v2\/comments?post=7997"}],"version-history":[{"count":6,"href":"https:\/\/www.bimsur.com\/sitio\/wp-json\/wp\/v2\/pages\/7997\/revisions"}],"predecessor-version":[{"id":8039,"href":"https:\/\/www.bimsur.com\/sitio\/wp-json\/wp\/v2\/pages\/7997\/revisions\/8039"}],"up":[{"embeddable":true,"href":"https:\/\/www.bimsur.com\/sitio\/wp-json\/wp\/v2\/pages\/1106"}],"wp:attachment":[{"href":"https:\/\/www.bimsur.com\/sitio\/wp-json\/wp\/v2\/media?parent=7997"}],"curies":[{"name":"wp","href":"https:\/\/api.w.org\/{rel}","templated":true}]}}